{"id":66601,"date":"2026-04-14T14:22:34","date_gmt":"2026-04-14T07:22:34","guid":{"rendered":"https:\/\/www.techcomcapital.com.vn\/?page_id=66601"},"modified":"2026-04-14T14:22:34","modified_gmt":"2026-04-14T07:22:34","slug":"etf-fund-techcom-capital-vnx50-3","status":"publish","type":"page","link":"https:\/\/www.techcomcapital.com.vn\/en\/investment-solutions-at-tcc\/etf-fund-techcom-capital-vnx50-3\/","title":{"rendered":"ETF Fund &#8211; Techcom Capital VNX50"},"content":{"rendered":"<section class=\"wpb-content-wrapper\"><p>[vc_row force_equal_height_columns=&#8221;main_row&#8221; mobile_destroy_equal_heights=&#8221;&#8221; dfd_row_responsive_enable=&#8221;dfd-row-responsive-enable&#8221; responsive_styles=&#8221;padding_left_mobile:10|padding_right_mobile:10&#8243;][vc_column width=&#8221;1\/2&#8243;][dfd_single_image image=&#8221;65729&#8243; el_class=&#8221;tcc&#8211;dropshadow-df&#8221;][\/vc_column][vc_column width=&#8221;1\/2&#8243; col_shadow=&#8221;box_shadow_enable:disable|shadow_horizontal:0|shadow_vertical:15|shadow_blur:50|shadow_spread:0|box_shadow_color:rgba(0%2C0%2C0%2C0.35)&#8221; col_shadow_hover=&#8221;box_shadow_enable:disable|shadow_horizontal:0|shadow_vertical:15|shadow_blur:50|shadow_spread:0|box_shadow_color:rgba(0%2C0%2C0%2C0.35)&#8221;][dfd_info_box content_alignment=&#8221;text-left&#8221; title=&#8221;D\u1ecbch v\u1ee5 \u1ee6y th\u00e1c \u0111\u1ea7u t\u01b0&#8221; subtitle=&#8221;&#8221; main_content=&#8221;D\u1ecbch v\u1ee5 \u1ee6y th\u00e1c \u0111\u1ea7u t\u01b0 c\u1ee7a Techcom Capital mang \u0111\u1ebfn gi\u1ea3i ph\u00e1p qu\u1ea3n l\u00fd danh m\u1ee5c c\u00e1 nh\u00e2n h\u00f3a, hi\u1ec7u qu\u1ea3, thu\u1eadn ti\u1ec7n v\u00e0 minh b\u1ea1ch, c\u00f9ng nh\u1eefng \u0111\u1eb7c quy\u1ec1n ri\u00eang bi\u1ec7t d\u00e0nh cho kh\u00e1ch h\u00e0ng s\u1edf h\u1eefu ngu\u1ed3n t\u00e0i s\u1ea3n l\u1edbn.&#8221; icon_type=&#8221;custom&#8221; main_style=&#8221;style-1&#8243; main_layout=&#8221;layout-1&#8243; title_font_options=&#8221;tag:h3|font_size:24|line_height:30&#8243;][dfd_spacer screen_wide_spacer_size=&#8221;10&#8243; screen_normal_resolution=&#8221;1024&#8243; screen_tablet_resolution=&#8221;800&#8243; screen_mobile_resolution=&#8221;480&#8243; screen_normal_spacer_size=&#8221;10&#8243; screen_tablet_spacer_size=&#8221;10&#8243; screen_mobile_spacer_size=&#8221;10&#8243; tutorials=&#8221;&#8221;][dfd_delimiter delimiter_style=&#8221;dfd-delimiter-with-line&#8221; delimiter_border_style=&#8221;dashed&#8221;][vc_row_inner css=&#8221;.vc_custom_1775217354481{padding-top: 10px !important;}&#8221;][vc_column_inner][dfd_heading style=&#8221;style_03&#8243; subtitle=&#8221;&#8221; content_alignment=&#8221;text-left&#8221; enable_delimiter=&#8221;&#8221; title_font_options=&#8221;tag:h5|font_size:22|line_height:30|letter_spacing:-1.5&#8243; subtitle_font_options=&#8221;tag:div&#8221;]\u0110i\u1ec1u g\u00ec t\u1ea1o n\u00ean nh\u1eefng l\u1ee3i \u00edch n\u1ed5i b\u1eadt c\u1ee7a \u1ee6y th\u00e1c \u0110\u1ea7u t\u01b0[\/dfd_heading][vc_column_text]<\/p>\n<div class=\"tcbs-bullet-default\">\n<div class=\"item\">\n<div class=\"block-w-bullet\"><i class=\"tech__bullet\"><\/i>Danh m\u1ee5c \u0111\u01b0\u1ee3c c\u00e1 nh\u00e2n h\u00f3a, thi\u1ebft k\u1ebf ri\u00eang theo m\u1ee5c ti\u00eau, kh\u1ea9u v\u1ecb r\u1ee7i ro v\u00e0 nhu c\u1ea7u c\u1ee7a t\u1eebng Kh\u00e1ch h\u00e0ng.<\/div>\n<\/div>\n<div class=\"item\">\n<div class=\"block-w-bullet\"><i class=\"tech__bullet\"><\/i>Chi\u1ebfn l\u01b0\u1ee3c \u0111\u1ea7u t\u01b0 linh ho\u1ea1t c\u00f3 th\u1ec3 \u0111i\u1ec1u ch\u1ec9nh theo t\u1eebng giai \u0111o\u1ea1n th\u1ecb tr\u01b0\u1eddng.<\/div>\n<\/div>\n<div class=\"item\">\n<div class=\"block-w-bullet\"><i class=\"tech__bullet\"><\/i>An t\u00e2m, ti\u1ebft ki\u1ec7m th\u1eddi gian v\u00e0 c\u00f4ng s\u1ee9c v\u00ec danh m\u1ee5c \u0111\u01b0\u1ee3c qu\u1ea3n l\u00fd b\u1edfi \u0111\u1ed9i ng\u0169 chuy\u00ean gia gi\u00e0u kinh nghi\u1ec7m, k\u1ebft h\u1ee3p n\u0103ng l\u1ef1c ph\u00e2n t\u00edch chuy\u00ean s\u00e2u v\u00e0 k\u1ef7 lu\u1eadt \u0111\u1ea7u t\u01b0 ch\u1eb7t ch\u1ebd.<\/div>\n<\/div>\n<div class=\"item\">\n<div class=\"block-w-bullet\"><i class=\"tech__bullet\"><\/i>Minh b\u1ea1ch th\u00f4ng tin trong qu\u1ea3n l\u00fd danh m\u1ee5c.<\/div>\n<\/div>\n<div class=\"item\">\n<div class=\"block-w-bullet\"><i class=\"tech__bullet\"><\/i>B\u1ea3o m\u1eadt cao v\u00e0 tr\u1ea3i nghi\u1ec7m \u0111\u1eb7c quy\u1ec1n d\u00e0nh ri\u00eang cho Kh\u00e1ch h\u00e0ng c\u00f3 t\u00e0i s\u1ea3n l\u1edbn.<\/div>\n<\/div>\n<\/div>\n<p>[\/vc_column_text][\/vc_column_inner][\/vc_row_inner][\/vc_column][\/vc_row][vc_row dfd_row_responsive_enable=&#8221;dfd-row-responsive-enable&#8221; responsive_styles=&#8221;padding_left_mobile:10|padding_right_mobile:10&#8243;][vc_column][dfd_spacer screen_wide_spacer_size=&#8221;50&#8243; screen_normal_resolution=&#8221;1024&#8243; screen_tablet_resolution=&#8221;800&#8243; screen_mobile_resolution=&#8221;480&#8243; screen_normal_spacer_size=&#8221;50&#8243; screen_tablet_spacer_size=&#8221;50&#8243; screen_mobile_spacer_size=&#8221;20&#8243;][dfd_heading subtitle=&#8221;&#8221; delimiter_settings=&#8221;delimiter_style:solid|delimiter_width:80|delimiter_height:2|delimiter_color:%23c41c16&#8243; title_font_options=&#8221;tag:h4|font_size:24|line_height:30|letter_spacing:-1.5&#8243; subtitle_font_options=&#8221;tag:div&#8221;]V\u00ec sao Techcom Capital l\u00e0 m\u1ea3nh gh\u00e9p l\u00fd t\u01b0\u1edfng cho h\u00e0nh tr\u00ecnh \u0111\u1ea7u t\u01b0 c\u1ee7a b\u1ea1n[\/dfd_heading][dfd_spacer screen_wide_spacer_size=&#8221;20&#8243; screen_normal_resolution=&#8221;1024&#8243; screen_tablet_resolution=&#8221;800&#8243; screen_mobile_resolution=&#8221;480&#8243; screen_normal_spacer_size=&#8221;20&#8243; screen_tablet_spacer_size=&#8221;15&#8243; screen_mobile_spacer_size=&#8221;15&#8243;][vc_row_inner el_class=&#8221;tcc&#8211;block-feature-01&#8243;][vc_column_inner width=&#8221;1\/3&#8243;][dfd_info_box title=&#8221;\u0110\u1ed1i t\u00e1c \u0111\u00e1ng tin c\u1eady cho h\u00e0nh tr\u00ecnh \u0111\u1ea7u t\u01b0 c\u1ee7a kh\u00e1ch h\u00e0ng&#8221; subtitle=&#8221;&#8221; main_content=&#8221;V\u1edbi v\u1ecb th\u1ebf l\u00e0 c\u00f4ng ty qu\u1ea3n l\u00fd qu\u1ef9 \u0111\u01b0\u1ee3c c\u1ea5p ph\u00e9p v\u00e0 nhi\u1ec1u n\u0103m \u0111\u01b0\u1ee3c ghi nh\u1eadn l\u00e0 \u0111\u01a1n v\u1ecb ti\u00eau bi\u1ec3u, Techcom Capital cung c\u1ea5p d\u1ecbch v\u1ee5 \u1ee6y th\u00e1c \u0111\u1ea7u t\u01b0 chuy\u00ean nghi\u1ec7p, tu\u00e2n th\u1ee7 ch\u1eb7t ch\u1ebd quy \u0111\u1ecbnh ph\u00e1p lu\u1eadt v\u00e0 b\u1ea3o v\u1ec7 quy\u1ec1n l\u1ee3i kh\u00e1ch h\u00e0ng.&#8221; icon_type=&#8221;custom&#8221; main_style=&#8221;style-1&#8243; main_layout=&#8221;layout-1&#8243; icon_image_id=&#8221;65774&#8243; icon_size=&#8221;68&#8243; title_font_options=&#8221;tag:div|font_size:18|line_height:24|letter_spacing:0|font_style_bold:1&#8243; use_google_fonts=&#8221;yes&#8221; custom_fonts=&#8221;font_family:Roboto%3A100%2C100italic%2C300%2C300italic%2Cregular%2Citalic%2C500%2C500italic%2C700%2C700italic%2C900%2C900italic|font_style:400%20regular%3A400%3Anormal&#8221;][\/vc_column_inner][vc_column_inner width=&#8221;1\/3&#8243;][dfd_info_box title=&#8221;N\u0103ng l\u1ef1c qu\u1ea3n l\u00fd qu\u1ef9 v\u00e0 danh m\u1ee5c \u1ee7y th\u00e1c \u0111\u1ea7u t\u01b0 h\u00e0ng \u0111\u1ea7u th\u1ecb tr\u01b0\u1eddng&#8221; subtitle=&#8221;&#8221; main_content=&#8221;Techcom Capital \u0111ang qu\u1ea3n l\u00fd 12.000 t\u1ef7 \u0111\u1ed3ng t\u00e0i s\u1ea3n v\u00e0 gi\u1eef v\u1ecb tr\u00ed s\u1ed1 1 th\u1ecb ph\u1ea7n qu\u1ef9 m\u1edf n\u1ed9i \u0111\u1ecba, kh\u1eb3ng \u0111\u1ecbnh uy t\u00edn v\u00e0 n\u0103ng l\u1ef1c \u0111\u1ed3ng h\u00e0nh d\u00e0i h\u1ea1n c\u00f9ng nh\u00e0 \u0111\u1ea7u t\u01b0.&#8221; icon_type=&#8221;custom&#8221; main_style=&#8221;style-1&#8243; main_layout=&#8221;layout-1&#8243; icon_image_id=&#8221;65770&#8243; icon_size=&#8221;68&#8243; title_font_options=&#8221;tag:div|font_size:18|line_height:24|letter_spacing:0|font_style_bold:1&#8243; use_google_fonts=&#8221;yes&#8221; custom_fonts=&#8221;font_family:Roboto%3A100%2C100italic%2C300%2C300italic%2Cregular%2Citalic%2C500%2C500italic%2C700%2C700italic%2C900%2C900italic|font_style:400%20regular%3A400%3Anormal&#8221;][\/vc_column_inner][vc_column_inner width=&#8221;1\/3&#8243;][dfd_info_box title=&#8221;H\u1ec7 sinh th\u00e1i s\u1ea3n ph\u1ea9m \u0111a d\u1ea1ng, \u0111\u00e1p \u1ee9ng nhi\u1ec1u nhu c\u1ea7u&#8221; subtitle=&#8221;&#8221; main_content=&#8221;Nh\u1edd kinh nghi\u1ec7m ph\u00e1t tri\u1ec3n nhi\u1ec1u s\u1ea3n ph\u1ea9m \u0111\u1ea7u t\u01b0 \u0111a d\u1ea1ng v\u00e0 h\u1ec7 sinh th\u00e1i 10 qu\u1ef9 theo c\u00e1c chi\u1ebfn l\u01b0\u1ee3c kh\u00e1c nhau, Techcom Capital c\u00f3 th\u1ec3 \u0111\u1ed3ng h\u00e0nh c\u00f9ng Qu\u00fd kh\u00e1ch h\u00e0ng v\u1edbi nh\u1eefng gi\u1ea3i ph\u00e1p ph\u00f9 h\u1ee3p cho t\u1eebng nhu c\u1ea7u qu\u1ea3n l\u00fd gia s\u1ea3n ri\u00eang bi\u1ec7t.&#8221; icon_type=&#8221;custom&#8221; main_style=&#8221;style-1&#8243; main_layout=&#8221;layout-1&#8243; icon_image_id=&#8221;65772&#8243; icon_size=&#8221;68&#8243; title_font_options=&#8221;tag:div|font_size:18|line_height:24|letter_spacing:0|font_style_bold:1&#8243; use_google_fonts=&#8221;yes&#8221; custom_fonts=&#8221;font_family:Roboto%3A100%2C100italic%2C300%2C300italic%2Cregular%2Citalic%2C500%2C500italic%2C700%2C700italic%2C900%2C900italic|font_style:400%20regular%3A400%3Anormal&#8221;][\/vc_column_inner][\/vc_row_inner][dfd_spacer screen_wide_spacer_size=&#8221;50&#8243; screen_normal_resolution=&#8221;1024&#8243; screen_tablet_resolution=&#8221;800&#8243; screen_mobile_resolution=&#8221;480&#8243; screen_normal_spacer_size=&#8221;50&#8243; screen_tablet_spacer_size=&#8221;50&#8243; screen_mobile_spacer_size=&#8221;20&#8243;][vc_row_inner][vc_column_inner width=&#8221;1\/2&#8243;][dfd_button button_size=&#8221;dfd-button-full-width&#8221; button_text=&#8221;Li\u00ean h\u1ec7 \u0111\u1ec3 \u0111\u01b0\u1ee3c t\u01b0 v\u1ea5n chi ti\u1ebft&#8221; main_style=&#8221;style-2&#8243; box_shadow=&#8221;box_shadow_enable:disable|shadow_horizontal:0|shadow_vertical:15|shadow_blur:50|shadow_spread:0|box_shadow_color:rgba(0%2C0%2C0%2C0.35)&#8221; hover_box_shadow=&#8221;box_shadow_enable:disable|shadow_horizontal:0|shadow_vertical:15|shadow_blur:50|shadow_spread:0|box_shadow_color:rgba(0%2C0%2C0%2C0.35)&#8221; buttom_link_src=&#8221;url:https%3A%2F%2Fwww.techcomcapital.com.vn%2Fen%2Fcontact-us%2F|target:_blank|&#8221;][\/vc_column_inner][vc_column_inner width=&#8221;1\/2&#8243;][dfd_button button_size=&#8221;dfd-button-full-width&#8221; button_text=&#8221;Open trading account&#8221; main_style=&#8221;style-2&#8243; box_shadow=&#8221;box_shadow_enable:disable|shadow_horizontal:0|shadow_vertical:15|shadow_blur:50|shadow_spread:0|box_shadow_color:rgba(0%2C0%2C0%2C0.35)&#8221; hover_box_shadow=&#8221;box_shadow_enable:disable|shadow_horizontal:0|shadow_vertical:15|shadow_blur:50|shadow_spread:0|box_shadow_color:rgba(0%2C0%2C0%2C0.35)&#8221; buttom_link_src=&#8221;url:https%3A%2F%2Ftcinvest.tcbs.com.vn%2Fguest%2Flogin%3FreturnUrl%3D%252Fhome%26openAccount%3Dtrue|target:_blank|&#8221;][\/vc_column_inner][\/vc_row_inner][dfd_spacer screen_wide_spacer_size=&#8221;50&#8243; screen_normal_resolution=&#8221;1024&#8243; screen_tablet_resolution=&#8221;800&#8243; screen_mobile_resolution=&#8221;480&#8243; screen_normal_spacer_size=&#8221;50&#8243; screen_tablet_spacer_size=&#8221;50&#8243; screen_mobile_spacer_size=&#8221;20&#8243;][\/vc_column][\/vc_row]<\/p>\n<\/section>","protected":false},"excerpt":{"rendered":"<p>[vc_row force_equal_height_columns=&#8221;main_row&#8221; mobile_destroy_equal_heights=&#8221;&#8221; dfd_row_responsive_enable=&#8221;dfd-row-responsive-enable&#8221; responsive_styles=&#8221;padding_left_mobile:10|padding_right_mobile:10&#8243;][vc_column width=&#8221;1\/2&#8243;][dfd_single_image image=&#8221;65729&#8243; el_class=&#8221;tcc&#8211;dropshadow-df&#8221;][\/vc_column][vc_column width=&#8221;1\/2&#8243; col_shadow=&#8221;box_shadow_enable:disable|shadow_horizontal:0|shadow_vertical:15|shadow_blur:50|shadow_spread:0|box_shadow_color:rgba(0%2C0%2C0%2C0.35)&#8221; col_shadow_hover=&#8221;box_shadow_enable:disable|shadow_horizontal:0|shadow_vertical:15|shadow_blur:50|shadow_spread:0|box_shadow_color:rgba(0%2C0%2C0%2C0.35)&#8221;][dfd_info_box content_alignment=&#8221;text-left&#8221; title=&#8221;D\u1ecbch v\u1ee5 \u1ee6y th\u00e1c \u0111\u1ea7u t\u01b0&#8221; subtitle=&#8221;&#8221; main_content=&#8221;D\u1ecbch v\u1ee5 \u1ee6y th\u00e1c \u0111\u1ea7u t\u01b0 c\u1ee7a Techcom Capital mang \u0111\u1ebfn<\/p>\n","protected":false},"author":5,"featured_media":0,"parent":40116,"menu_order":0,"comment_status":"closed","ping_status":"closed","template":"","meta":{"_editorskit_title_hidden":false,"_editorskit_reading_time":0,"_editorskit_is_block_options_detached":false,"_editorskit_block_options_position":"{}","_monsterinsights_skip_tracking":false,"_monsterinsights_sitenote_active":false,"_monsterinsights_sitenote_note":"","_monsterinsights_sitenote_category":0},"yoast_head":"<!-- This site is optimized with the Yoast SEO plugin v22.3 - https:\/\/yoast.com\/wordpress\/plugins\/seo\/ -->\n<title>ETF Fund - Techcom Capital VNX50 - Techcom Capital - C\u00f4ng ty C\u1ed5 ph\u1ea7n Qu\u1ea3n l\u00fd Qu\u1ef9 K\u1ef9 Th\u01b0\u01a1ng<\/title>\n<meta name=\"robots\" content=\"index, follow, max-snippet:-1, max-image-preview:large, max-video-preview:-1\" \/>\n<link rel=\"canonical\" href=\"https:\/\/www.techcomcapital.com.vn\/en\/investment-solutions-at-tcc\/etf-fund-techcom-capital-vnx50-3\/\" \/>\n<meta property=\"og:locale\" content=\"en_US\" \/>\n<meta property=\"og:type\" content=\"article\" \/>\n<meta property=\"og:title\" content=\"ETF Fund - Techcom Capital VNX50 - Techcom Capital - C\u00f4ng ty C\u1ed5 ph\u1ea7n Qu\u1ea3n l\u00fd Qu\u1ef9 K\u1ef9 Th\u01b0\u01a1ng\" \/>\n<meta property=\"og:description\" content=\"[vc_row force_equal_height_columns=&#8221;main_row&#8221; mobile_destroy_equal_heights=&#8221;&#8221; dfd_row_responsive_enable=&#8221;dfd-row-responsive-enable&#8221; responsive_styles=&#8221;padding_left_mobile:10|padding_right_mobile:10&#8243;][vc_column width=&#8221;1\/2&#8243;][dfd_single_image image=&#8221;65729&#8243; el_class=&#8221;tcc&#8211;dropshadow-df&#8221;][\/vc_column][vc_column width=&#8221;1\/2&#8243; col_shadow=&#8221;box_shadow_enable:disable|shadow_horizontal:0|shadow_vertical:15|shadow_blur:50|shadow_spread:0|box_shadow_color:rgba(0%2C0%2C0%2C0.35)&#8221; col_shadow_hover=&#8221;box_shadow_enable:disable|shadow_horizontal:0|shadow_vertical:15|shadow_blur:50|shadow_spread:0|box_shadow_color:rgba(0%2C0%2C0%2C0.35)&#8221;][dfd_info_box content_alignment=&#8221;text-left&#8221; title=&#8221;D\u1ecbch v\u1ee5 \u1ee6y th\u00e1c \u0111\u1ea7u t\u01b0&#8221; subtitle=&#8221;&#8221; main_content=&#8221;D\u1ecbch v\u1ee5 \u1ee6y th\u00e1c \u0111\u1ea7u t\u01b0 c\u1ee7a Techcom Capital mang \u0111\u1ebfn\" \/>\n<meta property=\"og:url\" content=\"https:\/\/www.techcomcapital.com.vn\/en\/investment-solutions-at-tcc\/etf-fund-techcom-capital-vnx50-3\/\" \/>\n<meta property=\"og:site_name\" content=\"Techcom Capital - C\u00f4ng ty C\u1ed5 ph\u1ea7n Qu\u1ea3n l\u00fd Qu\u1ef9 K\u1ef9 Th\u01b0\u01a1ng\" \/>\n<meta property=\"article:publisher\" content=\"https:\/\/www.facebook.com\/techcomcapital\" \/>\n<meta name=\"twitter:card\" content=\"summary_large_image\" \/>\n<meta name=\"twitter:label1\" content=\"Est. reading time\" \/>\n\t<meta name=\"twitter:data1\" content=\"9 minutes\" \/>\n<script type=\"application\/ld+json\" class=\"yoast-schema-graph\">{\"@context\":\"https:\/\/schema.org\",\"@graph\":[{\"@type\":\"WebPage\",\"@id\":\"https:\/\/www.techcomcapital.com.vn\/en\/investment-solutions-at-tcc\/etf-fund-techcom-capital-vnx50-3\/\",\"url\":\"https:\/\/www.techcomcapital.com.vn\/en\/investment-solutions-at-tcc\/etf-fund-techcom-capital-vnx50-3\/\",\"name\":\"ETF Fund - Techcom Capital VNX50 - Techcom Capital - C\u00f4ng ty C\u1ed5 ph\u1ea7n Qu\u1ea3n l\u00fd Qu\u1ef9 K\u1ef9 Th\u01b0\u01a1ng\",\"isPartOf\":{\"@id\":\"https:\/\/www.techcomcapital.com.vn\/#website\"},\"datePublished\":\"2026-04-14T07:22:34+00:00\",\"dateModified\":\"2026-04-14T07:22:34+00:00\",\"breadcrumb\":{\"@id\":\"https:\/\/www.techcomcapital.com.vn\/en\/investment-solutions-at-tcc\/etf-fund-techcom-capital-vnx50-3\/#breadcrumb\"},\"inLanguage\":\"en-US\",\"potentialAction\":[{\"@type\":\"ReadAction\",\"target\":[\"https:\/\/www.techcomcapital.com.vn\/en\/investment-solutions-at-tcc\/etf-fund-techcom-capital-vnx50-3\/\"]}]},{\"@type\":\"BreadcrumbList\",\"@id\":\"https:\/\/www.techcomcapital.com.vn\/en\/investment-solutions-at-tcc\/etf-fund-techcom-capital-vnx50-3\/#breadcrumb\",\"itemListElement\":[{\"@type\":\"ListItem\",\"position\":1,\"name\":\"Home\",\"item\":\"https:\/\/www.techcomcapital.com.vn\/en\/\"},{\"@type\":\"ListItem\",\"position\":2,\"name\":\"Investment solutions at TCC\",\"item\":\"https:\/\/www.techcomcapital.com.vn\/en\/investment-solutions-at-tcc\/\"},{\"@type\":\"ListItem\",\"position\":3,\"name\":\"ETF Fund &#8211; Techcom Capital VNX50\"}]},{\"@type\":\"WebSite\",\"@id\":\"https:\/\/www.techcomcapital.com.vn\/#website\",\"url\":\"https:\/\/www.techcomcapital.com.vn\/\",\"name\":\"Techcom Capital - C\u00f4ng ty C\u1ed5 ph\u1ea7n Qu\u1ea3n l\u00fd Qu\u1ef9 K\u1ef9 Th\u01b0\u01a1ng\",\"description\":\"\",\"publisher\":{\"@id\":\"https:\/\/www.techcomcapital.com.vn\/#organization\"},\"potentialAction\":[{\"@type\":\"SearchAction\",\"target\":{\"@type\":\"EntryPoint\",\"urlTemplate\":\"https:\/\/www.techcomcapital.com.vn\/?s={search_term_string}\"},\"query-input\":\"required name=search_term_string\"}],\"inLanguage\":\"en-US\"},{\"@type\":\"Organization\",\"@id\":\"https:\/\/www.techcomcapital.com.vn\/#organization\",\"name\":\"Techcom Capital - C\u00f4ng ty C\u1ed5 ph\u1ea7n Qu\u1ea3n l\u00fd Qu\u1ef9 K\u1ef9 Th\u01b0\u01a1ng\",\"url\":\"https:\/\/www.techcomcapital.com.vn\/\",\"logo\":{\"@type\":\"ImageObject\",\"inLanguage\":\"en-US\",\"@id\":\"https:\/\/www.techcomcapital.com.vn\/#\/schema\/logo\/image\/\",\"url\":\"https:\/\/www.techcomcapital.com.vn\/wp-content\/uploads\/2022\/01\/cropped-logo-tcc.png\",\"contentUrl\":\"https:\/\/www.techcomcapital.com.vn\/wp-content\/uploads\/2022\/01\/cropped-logo-tcc.png\",\"width\":248,\"height\":29,\"caption\":\"Techcom Capital - C\u00f4ng ty C\u1ed5 ph\u1ea7n Qu\u1ea3n l\u00fd Qu\u1ef9 K\u1ef9 Th\u01b0\u01a1ng\"},\"image\":{\"@id\":\"https:\/\/www.techcomcapital.com.vn\/#\/schema\/logo\/image\/\"},\"sameAs\":[\"https:\/\/www.facebook.com\/techcomcapital\"]}]}<\/script>\n<!-- \/ Yoast SEO plugin. -->","yoast_head_json":{"title":"ETF Fund - Techcom Capital VNX50 - Techcom Capital - C\u00f4ng ty C\u1ed5 ph\u1ea7n Qu\u1ea3n l\u00fd Qu\u1ef9 K\u1ef9 Th\u01b0\u01a1ng","robots":{"index":"index","follow":"follow","max-snippet":"max-snippet:-1","max-image-preview":"max-image-preview:large","max-video-preview":"max-video-preview:-1"},"canonical":"https:\/\/www.techcomcapital.com.vn\/en\/investment-solutions-at-tcc\/etf-fund-techcom-capital-vnx50-3\/","og_locale":"en_US","og_type":"article","og_title":"ETF Fund - Techcom Capital VNX50 - Techcom Capital - C\u00f4ng ty C\u1ed5 ph\u1ea7n Qu\u1ea3n l\u00fd Qu\u1ef9 K\u1ef9 Th\u01b0\u01a1ng","og_description":"[vc_row force_equal_height_columns=&#8221;main_row&#8221; mobile_destroy_equal_heights=&#8221;&#8221; dfd_row_responsive_enable=&#8221;dfd-row-responsive-enable&#8221; responsive_styles=&#8221;padding_left_mobile:10|padding_right_mobile:10&#8243;][vc_column width=&#8221;1\/2&#8243;][dfd_single_image image=&#8221;65729&#8243; el_class=&#8221;tcc&#8211;dropshadow-df&#8221;][\/vc_column][vc_column width=&#8221;1\/2&#8243; col_shadow=&#8221;box_shadow_enable:disable|shadow_horizontal:0|shadow_vertical:15|shadow_blur:50|shadow_spread:0|box_shadow_color:rgba(0%2C0%2C0%2C0.35)&#8221; col_shadow_hover=&#8221;box_shadow_enable:disable|shadow_horizontal:0|shadow_vertical:15|shadow_blur:50|shadow_spread:0|box_shadow_color:rgba(0%2C0%2C0%2C0.35)&#8221;][dfd_info_box content_alignment=&#8221;text-left&#8221; title=&#8221;D\u1ecbch v\u1ee5 \u1ee6y th\u00e1c \u0111\u1ea7u t\u01b0&#8221; subtitle=&#8221;&#8221; main_content=&#8221;D\u1ecbch v\u1ee5 \u1ee6y th\u00e1c \u0111\u1ea7u t\u01b0 c\u1ee7a Techcom Capital mang \u0111\u1ebfn","og_url":"https:\/\/www.techcomcapital.com.vn\/en\/investment-solutions-at-tcc\/etf-fund-techcom-capital-vnx50-3\/","og_site_name":"Techcom Capital - C\u00f4ng ty C\u1ed5 ph\u1ea7n Qu\u1ea3n l\u00fd Qu\u1ef9 K\u1ef9 Th\u01b0\u01a1ng","article_publisher":"https:\/\/www.facebook.com\/techcomcapital","twitter_card":"summary_large_image","twitter_misc":{"Est. reading time":"9 minutes"},"schema":{"@context":"https:\/\/schema.org","@graph":[{"@type":"WebPage","@id":"https:\/\/www.techcomcapital.com.vn\/en\/investment-solutions-at-tcc\/etf-fund-techcom-capital-vnx50-3\/","url":"https:\/\/www.techcomcapital.com.vn\/en\/investment-solutions-at-tcc\/etf-fund-techcom-capital-vnx50-3\/","name":"ETF Fund - Techcom Capital VNX50 - Techcom Capital - C\u00f4ng ty C\u1ed5 ph\u1ea7n Qu\u1ea3n l\u00fd Qu\u1ef9 K\u1ef9 Th\u01b0\u01a1ng","isPartOf":{"@id":"https:\/\/www.techcomcapital.com.vn\/#website"},"datePublished":"2026-04-14T07:22:34+00:00","dateModified":"2026-04-14T07:22:34+00:00","breadcrumb":{"@id":"https:\/\/www.techcomcapital.com.vn\/en\/investment-solutions-at-tcc\/etf-fund-techcom-capital-vnx50-3\/#breadcrumb"},"inLanguage":"en-US","potentialAction":[{"@type":"ReadAction","target":["https:\/\/www.techcomcapital.com.vn\/en\/investment-solutions-at-tcc\/etf-fund-techcom-capital-vnx50-3\/"]}]},{"@type":"BreadcrumbList","@id":"https:\/\/www.techcomcapital.com.vn\/en\/investment-solutions-at-tcc\/etf-fund-techcom-capital-vnx50-3\/#breadcrumb","itemListElement":[{"@type":"ListItem","position":1,"name":"Home","item":"https:\/\/www.techcomcapital.com.vn\/en\/"},{"@type":"ListItem","position":2,"name":"Investment solutions at TCC","item":"https:\/\/www.techcomcapital.com.vn\/en\/investment-solutions-at-tcc\/"},{"@type":"ListItem","position":3,"name":"ETF Fund &#8211; Techcom Capital VNX50"}]},{"@type":"WebSite","@id":"https:\/\/www.techcomcapital.com.vn\/#website","url":"https:\/\/www.techcomcapital.com.vn\/","name":"Techcom Capital - C\u00f4ng ty C\u1ed5 ph\u1ea7n Qu\u1ea3n l\u00fd Qu\u1ef9 K\u1ef9 Th\u01b0\u01a1ng","description":"","publisher":{"@id":"https:\/\/www.techcomcapital.com.vn\/#organization"},"potentialAction":[{"@type":"SearchAction","target":{"@type":"EntryPoint","urlTemplate":"https:\/\/www.techcomcapital.com.vn\/?s={search_term_string}"},"query-input":"required name=search_term_string"}],"inLanguage":"en-US"},{"@type":"Organization","@id":"https:\/\/www.techcomcapital.com.vn\/#organization","name":"Techcom Capital - C\u00f4ng ty C\u1ed5 ph\u1ea7n Qu\u1ea3n l\u00fd Qu\u1ef9 K\u1ef9 Th\u01b0\u01a1ng","url":"https:\/\/www.techcomcapital.com.vn\/","logo":{"@type":"ImageObject","inLanguage":"en-US","@id":"https:\/\/www.techcomcapital.com.vn\/#\/schema\/logo\/image\/","url":"https:\/\/www.techcomcapital.com.vn\/wp-content\/uploads\/2022\/01\/cropped-logo-tcc.png","contentUrl":"https:\/\/www.techcomcapital.com.vn\/wp-content\/uploads\/2022\/01\/cropped-logo-tcc.png","width":248,"height":29,"caption":"Techcom Capital - C\u00f4ng ty C\u1ed5 ph\u1ea7n Qu\u1ea3n l\u00fd Qu\u1ef9 K\u1ef9 Th\u01b0\u01a1ng"},"image":{"@id":"https:\/\/www.techcomcapital.com.vn\/#\/schema\/logo\/image\/"},"sameAs":["https:\/\/www.facebook.com\/techcomcapital"]}]}},"_links":{"self":[{"href":"https:\/\/www.techcomcapital.com.vn\/en\/wp-json\/wp\/v2\/pages\/66601"}],"collection":[{"href":"https:\/\/www.techcomcapital.com.vn\/en\/wp-json\/wp\/v2\/pages"}],"about":[{"href":"https:\/\/www.techcomcapital.com.vn\/en\/wp-json\/wp\/v2\/types\/page"}],"author":[{"embeddable":true,"href":"https:\/\/www.techcomcapital.com.vn\/en\/wp-json\/wp\/v2\/users\/5"}],"replies":[{"embeddable":true,"href":"https:\/\/www.techcomcapital.com.vn\/en\/wp-json\/wp\/v2\/comments?post=66601"}],"version-history":[{"count":1,"href":"https:\/\/www.techcomcapital.com.vn\/en\/wp-json\/wp\/v2\/pages\/66601\/revisions"}],"predecessor-version":[{"id":66602,"href":"https:\/\/www.techcomcapital.com.vn\/en\/wp-json\/wp\/v2\/pages\/66601\/revisions\/66602"}],"up":[{"embeddable":true,"href":"https:\/\/www.techcomcapital.com.vn\/en\/wp-json\/wp\/v2\/pages\/40116"}],"wp:attachment":[{"href":"https:\/\/www.techcomcapital.com.vn\/en\/wp-json\/wp\/v2\/media?parent=66601"}],"curies":[{"name":"wp","href":"https:\/\/api.w.org\/{rel}","templated":true}]}}